{"id":12,"date":"2024-09-14T11:56:18","date_gmt":"2024-09-14T11:56:18","guid":{"rendered":"https:\/\/ohv.hsk.mybluehost.me\/website_0e04dfae\/services\/"},"modified":"2024-11-18T08:38:11","modified_gmt":"2024-11-18T08:38:11","slug":"services","status":"publish","type":"page","link":"https:\/\/cyberriskpartners.net\/es\/services\/","title":{"rendered":"Servicios"},"content":{"rendered":"<div class=\"nfd-container nfd-p-lg nfd-theme-primary nfd-bg-surface is-style-nfd-theme-primary wp-block-group is-layout-constrained wp-container-core-group-is-layout-6141fbbf wp-block-group-is-layout-constrained\">\n<div class=\"nfd-gap-lg wp-block-group is-vertical is-content-justification-left is-layout-flex wp-container-core-group-is-layout-58227553 wp-block-group-is-layout-flex\">\n<p class=\"nfd-text-sm nfd-text-faded has-text-align-center\" style=\"font-style:normal;font-weight:500;letter-spacing:0.05em;text-transform:uppercase\"><\/p>\n\n\n\n<h2 class=\"wp-block-heading nfd-text-huge nfd-text-primary nfd-text-balance has-text-align-left\">Acelere el \u00e9xito con nuestros asesores de confianza<\/h2>\n\n\n\n<p class=\"\">Nuestros socios tienen una experiencia significativa en diversos sectores y tama\u00f1os de empresas. Podemos adaptarnos r\u00e1pidamente y empezar a a\u00f1adir valor desde el primer d\u00eda.<\/p>\n<\/div>\n<\/div>\n\n\n\n<div id=\"virtual-ciso\" class=\"nfd-container nfd-p-lg wp-block-group is-layout-constrained wp-block-group-is-layout-constrained\">\n<div class=\"nfd-text-base nfd-gap-3xl wp-block-columns are-vertically-aligned-center is-layout-flex wp-container-core-columns-is-layout-28f84493 wp-block-columns-is-layout-flex\">\n<div class=\"md:nfd-order-2 nfd-text-md wp-block-column is-vertically-aligned-center is-layout-flow wp-container-core-column-is-layout-8eebadab wp-block-column-is-layout-flow\" style=\"flex-basis:50%\">\n<div class=\"nfd-gap-lg wp-block-group is-vertical is-content-justification-center is-layout-flex wp-container-core-group-is-layout-b6c1f246 wp-block-group-is-layout-flex\">\n<div class=\"wp-block-group is-nowrap is-layout-flex wp-container-core-group-is-layout-6c531013 wp-block-group-is-layout-flex\">\n<div class=\"nfd-shadow-xs nfd-rounded-full  nfd-bg-subtle wp-block-group is-layout-constrained wp-container-core-group-is-layout-c4486197 wp-block-group-is-layout-constrained\" style=\"padding-top:6px;padding-right:16px;padding-bottom:6px;padding-left:16px\">\n<p class=\"nfd-text-xs\" style=\"font-style:normal;font-weight:600;text-transform:uppercase\">Governance<\/p>\n<\/div>\n<\/div>\n\n\n\n<h2 class=\"nfd-text-xl nfd-text-contrast nfd-text-balance wp-block-heading has-text-align-center\">CISO virtual o provisional<\/h2>\n\n\n\n<p class=\"nfd-text-balance has-text-align-left\">Virtual: \u00bfNecesita una estrategia de ciberseguridad, gobernanza y gesti\u00f3n diaria, pero no necesitas un CISO a tiempo completo?<\/p>\n\n\n\n<p class=\"has-text-align-left\">Interino: \u00bfa\u00fan no ha encontrado al candidato perfecto para una contrataci\u00f3n permanente? Nuestro equipo de ex CISO puede cerrar la brecha y gestionar la transici\u00f3n.<\/p>\n\n\n\n<div style=\"height:0px\" aria-hidden=\"true\" class=\"wp-block-spacer wp-container-content-9760934e\"><\/div>\n\n\n\n<div class=\"md:nfd-items-start nfd-gap-md wp-block-group is-vertical is-content-justification-center is-layout-flex wp-container-core-group-is-layout-ce155fab wp-block-group-is-layout-flex\">\n<div class=\"nfd-text-md wp-block-buttons is-content-justification-left is-layout-flex wp-container-core-buttons-is-layout-fc4fd283 wp-block-buttons-is-layout-flex\">\n<div class=\"nfd-btn-xl  wp-block-button\"><a class=\"wp-block-button__link wp-element-button\" href=\"https:\/\/cyberriskpartners.net\/es\/contact-us\/\">Contacta con nosotros<\/a><\/div>\n<\/div>\n\n\n\n<div class=\"nfd-text-xs nfd-text-faded wp-block-group is-nowrap is-layout-flex wp-container-core-group-is-layout-6c531013 wp-block-group-is-layout-flex\">\n<p class=\"has-text-align-left\" style=\"text-transform:uppercase\"><strong style=\"margin-right: 4px\">\u2713 <\/strong>Flexibilidad<\/p>\n<\/div>\n<\/div>\n<\/div>\n<\/div>\n\n\n\n<div class=\"wp-block-column is-vertically-aligned-center is-layout-flow wp-container-core-column-is-layout-8a368f38 wp-block-column-is-layout-flow\" style=\"flex-basis:50%\">\n<figure class=\"nfd-rounded wp-block-image size-large\"><img decoding=\"async\" src=\"https:\/\/images.unsplash.com\/photo-1552664730-d307ca884978?ixlib=rb-4.0.3&amp;ixid=MnwxMjA3fDB8MHxwaG90by1wYWdlfHx8fGVufDB8fHx8&amp;auto=format&amp;fit=crop&amp;w=2360&amp;q=80&amp;w=800&amp;h=&amp;crop=\" alt=\"\" style=\"aspect-ratio:1;object-fit:cover\"\/><\/figure>\n<\/div>\n<\/div>\n<\/div>\n\n\n\n<div id=\"interim-ciso\" class=\"nfd-container nfd-p-lg nfd-wb-features__features-7 wp-block-group is-layout-constrained wp-block-group-is-layout-constrained\">\n<div class=\"nfd-text-base nfd-gap-3xl wp-block-columns are-vertically-aligned-center is-layout-flex wp-container-core-columns-is-layout-28f84493 wp-block-columns-is-layout-flex\">\n<div class=\"wp-block-column is-vertically-aligned-center is-layout-flow wp-container-core-column-is-layout-8a368f38 wp-block-column-is-layout-flow\" style=\"flex-basis:50%\">\n<figure class=\"nfd-rounded wp-block-image size-large\"><img decoding=\"async\" src=\"https:\/\/images.unsplash.com\/photo-1454165804606-c3d57bc86b40?ixlib=rb-4.0.3&amp;ixid=MnwxMjA3fDB8MHxzZWFyY2h8NHx8b2ZmaWNlfGVufDB8MnwwfHw%3D&amp;auto=format&amp;fit=crop&amp;q=60&amp;w=800&amp;h=&amp;crop=\" alt=\"\" style=\"aspect-ratio:1;object-fit:cover\"\/><\/figure>\n<\/div>\n\n\n\n<div class=\"md:nfd-order-2 nfd-text-md wp-block-column is-vertically-aligned-center is-layout-flow wp-container-core-column-is-layout-8eebadab wp-block-column-is-layout-flow\" style=\"flex-basis:50%\">\n<div class=\"nfd-gap-lg wp-block-group is-vertical is-layout-flex wp-container-core-group-is-layout-fe9cc265 wp-block-group-is-layout-flex\">\n<div class=\"wp-block-group is-nowrap is-layout-flex wp-container-core-group-is-layout-6c531013 wp-block-group-is-layout-flex\">\n<div class=\"nfd-shadow-xs nfd-rounded-full  nfd-bg-subtle wp-block-group is-layout-constrained wp-container-core-group-is-layout-c4486197 wp-block-group-is-layout-constrained\" style=\"padding-top:6px;padding-right:16px;padding-bottom:6px;padding-left:16px\">\n<p class=\"nfd-text-xs\" style=\"font-style:normal;font-weight:600;text-transform:uppercase\">governance<\/p>\n<\/div>\n<\/div>\n\n\n\n<h2 class=\"nfd-text-xl nfd-text-contrast nfd-text-balance wp-block-heading\">Gesti\u00f3n de programas<\/h2>\n\n\n\n<div class=\"nfd-text-pretty wp-block-group is-vertical is-layout-flex wp-container-core-group-is-layout-fe9cc265 wp-block-group-is-layout-flex\">\n<p class=\"\">Podemos crear y ejecutar un programa ciber, asegurando que su negocio maximice el beneficio de reducci\u00f3n de riesgos de la inversi\u00f3n.<\/p>\n\n\n\n<p class=\"\">Nuestros expertos en gesti\u00f3n de programas tienen experiencia en m\u00faltiples industrias y tama\u00f1os de programas.<\/p>\n\n\n\n<p class=\"\">Los programas de ciberseguridad son mejor dirigidos por expertos en ciberseguridad, para desafiar el status quo e involucrar a las partes interesadas tanto comerciales como t\u00e9cnicas en todos los niveles.<\/p>\n<\/div>\n\n\n\n<div class=\"wp-block-buttons is-horizontal is-content-justification-left is-layout-flex wp-container-core-buttons-is-layout-c4719c80 wp-block-buttons-is-layout-flex\">\n<div class=\"nfd-btn-lg  wp-block-button\"><a class=\"wp-block-button__link wp-element-button\" href=\"https:\/\/cyberriskpartners.net\/es\/contact-us\/\">Contacta con nosotros<\/a><\/div>\n<\/div>\n<\/div>\n<\/div>\n<\/div>\n<\/div>\n\n\n\n<div class=\"nfd-theme-primary nfd-bg-surface nfd-wb-hero__hero-7 is-style-nfd-theme-primary wp-block-group alignfull is-layout-constrained wp-block-group-is-layout-constrained\">\n<div class=\"nfd-p-lg nfd-container wp-block-group alignfull has-background nfd-bg-effect-grid-3 is-layout-constrained wp-block-group-is-layout-constrained\" style=\"background:linear-gradient(120deg,rgba(7,146,227,0) 60%,rgba(0,0,0,0.24) 60%)\">\n<div class=\"nfd-py-md wp-block-columns are-vertically-aligned-center is-layout-flex wp-container-core-columns-is-layout-f0aa18c9 wp-block-columns-is-layout-flex\" id=\"risk-mgt\">\n<div class=\"wp-block-column is-vertically-aligned-center is-layout-flow wp-container-core-column-is-layout-7fea69c4 wp-block-column-is-layout-flow\" style=\"flex-basis:45%\">\n<div class=\"nfd-text-md nfd-gap-xl wp-block-group is-vertical is-content-justification-left is-layout-flex wp-container-core-group-is-layout-dd225191 wp-block-group-is-layout-flex\">\n<div class=\"wp-block-group is-nowrap is-layout-flex wp-container-core-group-is-layout-6c531013 wp-block-group-is-layout-flex\">\n<div class=\"nfd-rounded-full nfd-bg-subtle wp-block-group is-layout-constrained wp-container-core-group-is-layout-c4486197 wp-block-group-is-layout-constrained\" style=\"padding-top:6px;padding-right:16px;padding-bottom:6px;padding-left:16px\">\n<p class=\"nfd-text-sm\" style=\"font-style:normal;font-weight:600;text-transform:uppercase\">Governance<\/p>\n<\/div>\n<\/div>\n\n\n\n<h2 class=\"nfd-text-giga nfd-text-contrast nfd-text-balance wp-block-heading has-text-align-left\">Gesti\u00f3n de riesgos<\/h2>\n\n\n\n<p class=\"nfd-text-balance nfd-text-faded has-text-align-left\">Descubra las amenazas y debilidades que son relevantes para su negocio.  Le ayudaremos a formular planes para reducir su riesgo y proteger su negocio.<\/p>\n\n\n\n<div style=\"height:0px\" aria-hidden=\"true\" class=\"wp-block-spacer wp-container-content-9760934e\"><\/div>\n\n\n\n<div class=\"nfd-gap-xl nfd-gap-y-md wp-block-group is-layout-flex wp-block-group-is-layout-flex\">\n<div class=\"wp-block-buttons is-layout-flex wp-block-buttons-is-layout-flex\">\n<div class=\"nfd-btn-xl is-style-fill wp-block-button\"><a class=\"wp-block-button__link has-primary-color has-base-background-color has-text-color has-background has-link-color wp-element-button\" href=\"https:\/\/cyberriskpartners.net\/es\/contact-us\/\">Contacta con nosotros<\/a><\/div>\n<\/div>\n\n\n\n<p class=\"nfd-text-base nfd-text-faded\">\u2713 Reducci\u00f3n de riesgo<\/p>\n<\/div>\n<\/div>\n<\/div>\n\n\n\n<div class=\"wp-block-column is-vertically-aligned-center is-layout-flow wp-block-column-is-layout-flow\" style=\"flex-basis:55%\">\n<div class=\"wp-block-group is-content-justification-right is-nowrap is-layout-flex wp-container-core-group-is-layout-17124a9a wp-block-group-is-layout-flex\">\n<figure class=\"wp-block-image size-large is-resized\"><img decoding=\"async\" src=\"https:\/\/images.unsplash.com\/photo-1486312338219-ce68d2c6f44d?ixlib=rb-4.0.3&amp;ixid=MnwxMjA3fDB8MHxwaG90by1wYWdlfHx8fGVufDB8fHx8&amp;auto=format&amp;fit=crop&amp;q=80&amp;w=300&amp;h=300&amp;crop=\" alt=\"\" style=\"aspect-ratio:1;object-fit:cover;width:undefinedpx\"\/><\/figure>\n\n\n\n<figure class=\"is-style-default wp-block-image size-large is-resized\"><img decoding=\"async\" src=\"https:\/\/images.unsplash.com\/photo-1552581234-26160f608093?ixlib=rb-4.0.3&amp;ixid=MnwxMjA3fDB8MHxwaG90by1wYWdlfHx8fGVufDB8fHx8&amp;auto=format&amp;fit=crop&amp;q=80&amp;w=200&amp;h=300&amp;crop=\" alt=\"\" style=\"aspect-ratio:1;object-fit:cover;width:undefinedpx\"\/><\/figure>\n<\/div>\n\n\n\n<div class=\"wp-block-group is-content-justification-right is-nowrap is-layout-flex wp-container-core-group-is-layout-17124a9a wp-block-group-is-layout-flex\">\n<figure class=\"wp-block-image size-large is-resized\"><img data-recalc-dims=\"1\" loading=\"lazy\" decoding=\"async\" width=\"1024\" height=\"558\" src=\"https:\/\/i0.wp.com\/cyberriskpartners.net\/wp-content\/uploads\/2024\/09\/Risk-reward-1.png?resize=1024%2C558&#038;ssl=1\" alt=\"\" class=\"wp-image-77\" style=\"aspect-ratio:1;object-fit:contain;width:500px\" srcset=\"https:\/\/i0.wp.com\/cyberriskpartners.net\/wp-content\/uploads\/2024\/09\/Risk-reward-1.png?resize=1024%2C558&amp;ssl=1 1024w, https:\/\/i0.wp.com\/cyberriskpartners.net\/wp-content\/uploads\/2024\/09\/Risk-reward-1.png?resize=300%2C163&amp;ssl=1 300w, https:\/\/i0.wp.com\/cyberriskpartners.net\/wp-content\/uploads\/2024\/09\/Risk-reward-1.png?resize=768%2C418&amp;ssl=1 768w, https:\/\/i0.wp.com\/cyberriskpartners.net\/wp-content\/uploads\/2024\/09\/Risk-reward-1.png?resize=1536%2C836&amp;ssl=1 1536w, https:\/\/i0.wp.com\/cyberriskpartners.net\/wp-content\/uploads\/2024\/09\/Risk-reward-1.png?resize=2048%2C1115&amp;ssl=1 2048w, https:\/\/i0.wp.com\/cyberriskpartners.net\/wp-content\/uploads\/2024\/09\/Risk-reward-1.png?w=3000&amp;ssl=1 3000w\" sizes=\"auto, (max-width: 1000px) 100vw, 1000px\" \/><\/figure>\n<\/div>\n<\/div>\n<\/div>\n<\/div>\n<\/div>\n\n\n\n<div id=\"dora\" class=\"nfd-container nfd-p-lg nfd-theme-white nfd-bg-surface nfd-wb-features__features-5 is-style-nfd-theme-white wp-block-group is-layout-constrained wp-block-group-is-layout-constrained\">\n<div class=\"nfd-text-base nfd-gap-3xl wp-block-columns are-vertically-aligned-center is-layout-flex wp-container-core-columns-is-layout-28f84493 wp-block-columns-is-layout-flex\">\n<div class=\"md:nfd-order-2 nfd-text-md wp-block-column is-vertically-aligned-center is-layout-flow wp-container-core-column-is-layout-8eebadab wp-block-column-is-layout-flow\" style=\"flex-basis:50%\">\n<div class=\"nfd-gap-lg wp-block-group is-vertical is-layout-flex wp-container-core-group-is-layout-fe9cc265 wp-block-group-is-layout-flex\">\n<h2 class=\"nfd-text-xl nfd-text-contrast nfd-text-balance wp-block-heading\">Regulaci\u00f3n DORA<\/h2>\n\n\n\n<p class=\"nfd-text-balance\">The regulation comes into effect in January 2025. If you are a financial organisation, or an IT company providing services to a financial organisation, then you should be ready to demonstrate operational resilience.<\/p>\n\n\n\n<p class=\"\">\u2713 Cumplimiento de regulaci\u00f3n<\/p>\n\n\n\n<div style=\"height:0px\" aria-hidden=\"true\" class=\"wp-block-spacer wp-container-content-9760934e\"><\/div>\n\n\n\n<div class=\"wp-block-buttons is-horizontal is-content-justification-left is-layout-flex wp-container-core-buttons-is-layout-c4719c80 wp-block-buttons-is-layout-flex\">\n<div class=\"nfd-btn-lg  wp-block-button\"><a class=\"wp-block-button__link wp-element-button\" href=\"https:\/\/cyberriskpartners.net\/es\/contact-us\/\">Contacta con nosotros<\/a><\/div>\n<\/div>\n<\/div>\n<\/div>\n\n\n\n<div class=\"wp-block-column is-vertically-aligned-center is-layout-flow wp-container-core-column-is-layout-8a368f38 wp-block-column-is-layout-flow\" style=\"flex-basis:50%\">\n<div class=\"nfd-grid nfd-grid-cols-9 nfd-grid-rows-1 nfd-items-center wp-block-group is-layout-flow wp-container-core-group-is-layout-a77db08e wp-block-group-is-layout-flow\">\n<figure class=\"nfd-col-start-1 nfd-col-end-7 nfd-row-start-1 nfd-rounded wp-block-image size-large\"><img decoding=\"async\" src=\"https:\/\/images.unsplash.com\/photo-1553877522-43269d4ea984?ixlib=rb-4.0.3&amp;ixid=MnwxMjA3fDB8MHxzZWFyY2h8MTJ8fHJlc3RhdXJhbnR8ZW58MHwxfDB8fA%3D%3D&amp;auto=format&amp;fit=crop&amp;q=60&amp;w=800&amp;h=&amp;crop=\" alt=\"\" style=\"aspect-ratio:2\/3;object-fit:cover\"\/><\/figure>\n\n\n\n<figure class=\"nfd-col-start-5 nfd-col-end-13 nfd-row-start-1 nfd-border-bg nfd-rounded wp-block-image size-large has-custom-border\"><img decoding=\"async\" src=\"https:\/\/images.unsplash.com\/photo-1522202176988-66273c2fd55f?ixlib=rb-4.0.3&amp;ixid=MnwxMjA3fDB8MHxzZWFyY2h8MTF8fHJlc3RhdXJhbnR8ZW58MHwxfDB8fA%3D%3D&amp;auto=format&amp;fit=crop&amp;q=60&amp;w=800&amp;h=&amp;crop=\" alt=\"\" style=\"border-left-width:3px;aspect-ratio:2\/3;object-fit:cover\"\/><\/figure>\n<\/div>\n<\/div>\n<\/div>\n<\/div>\n\n\n\n<div id=\"family\" class=\"nfd-container nfd-p-lg nfd-theme-white nfd-bg-surface nfd-wb-features__features-17 is-style-nfd-theme-white wp-block-group is-layout-constrained wp-block-group-is-layout-constrained\">\n<div class=\"nfd-gap-3xl wp-block-columns are-vertically-aligned-center is-layout-flex wp-container-core-columns-is-layout-28f84493 wp-block-columns-is-layout-flex\">\n<div class=\"wp-block-column is-vertically-aligned-center is-layout-flow wp-block-column-is-layout-flow\" style=\"flex-basis:50%\">\n<div class=\"wp-block-group is-layout-constrained wp-block-group-is-layout-constrained\">\n<figure class=\"nfd-rounded wp-block-image size-large\"><img decoding=\"async\" src=\"https:\/\/images.unsplash.com\/photo-1600880292203-757bb62b4baf?ixlib=rb-4.0.3&amp;ixid=MnwxMjA3fDB8MHxzZWFyY2h8NTB8fHRlYW18ZW58MHx8MHx8&amp;auto=format&amp;fit=crop&amp;&amp;q=80&amp;w=800&amp;h=800&amp;crop=\" alt=\"\" style=\"aspect-ratio:1;object-fit:cover\"\/><\/figure>\n<\/div>\n<\/div>\n\n\n\n<div class=\"md:nfd-order-2 wp-block-column is-vertically-aligned-center is-layout-flow wp-container-core-column-is-layout-369f67fb wp-block-column-is-layout-flow\" style=\"flex-basis:50%\">\n<div class=\"nfd-gap-md wp-block-group is-vertical is-layout-flex wp-container-core-group-is-layout-fe9cc265 wp-block-group-is-layout-flex\">\n<p class=\"nfd-text-primary nfd-text-sm\" style=\"font-style:normal;font-weight:600;letter-spacing:0.05em;text-transform:uppercase\"><\/p>\n\n\n\n<h3 class=\"nfd-text-xl nfd-text-contrast nfd-text-balance wp-block-heading\">Oficinas de gesti\u00f3n de patrimonios<\/h3>\n<\/div>\n\n\n\n<p class=\"\">Te preocupan los riesgos que el phishing, el malware y otros ataques de ciberseguridad suponen para tu patrimonio.  Podemos ayudarte a comprender estas amenazas y brindar soluciones para proteger tu patrimonio.<\/p>\n\n\n\n<div class=\"nfd-text-md wp-block-group is-nowrap is-layout-flex wp-container-core-group-is-layout-6c531013 wp-block-group-is-layout-flex\">\n<p class=\"has-text-align-left\">\u2713 Key Features: Wealth protection<\/p>\n\n\n\n<p class=\"has-text-align-left\"><\/p>\n<\/div>\n\n\n\n<div class=\"nfd-text-md wp-block-buttons is-content-justification-left is-layout-flex wp-container-core-buttons-is-layout-fc4fd283 wp-block-buttons-is-layout-flex\">\n<div class=\"nfd-btn-xl nfd-rounded-full wp-block-button\"><a class=\"wp-block-button__link wp-element-button\" href=\"https:\/\/cyberriskpartners.net\/es\/contact-us\/\">Contacta con nosotros<\/a><\/div>\n<\/div>\n<\/div>\n<\/div>\n<\/div>\n\n\n\n<div class=\"nfd-container nfd-p-lg nfd-theme-light nfd-bg-surface is-style-nfd-theme-light wp-block-group nfd-bg-effect-dots is-layout-constrained wp-block-group-is-layout-constrained\">\n<div class=\"nfd-gap-xl wp-block-group is-vertical is-content-justification-center is-layout-flex wp-container-core-group-is-layout-ce155fab wp-block-group-is-layout-flex\">\n<div class=\"nfd-gap-md wp-block-group is-vertical is-content-justification-center is-layout-flex wp-container-core-group-is-layout-b6c1f246 wp-block-group-is-layout-flex\">\n<h2 class=\"nfd-text-xl nfd-text-contrast nfd-text-balance wp-block-heading has-text-align-center\">\u00a1Toma acci\u00f3n ahora!<\/h2>\n\n\n\n<p class=\"nfd-text-faded nfd-text-md nfd-text-balance has-text-align-center\">Conozca m\u00e1s sobre nuestros servicios de ciberseguridad y proteja tu negocio hoy.<\/p>\n<\/div>\n\n\n\n<div class=\"md:nfd-items-start nfd-gap-md wp-block-group is-vertical is-content-justification-center is-layout-flex wp-container-core-group-is-layout-ce155fab wp-block-group-is-layout-flex\">\n<div class=\"nfd-text-md wp-block-buttons is-content-justification-left is-layout-flex wp-container-core-buttons-is-layout-fc4fd283 wp-block-buttons-is-layout-flex\">\n<div class=\"nfd-btn-wide wp-block-button\"><a class=\"wp-block-button__link wp-element-button\" href=\"https:\/\/cyberriskpartners.net\/es\/contact-us\/\">Contactar<\/a><\/div>\n<\/div>\n<\/div>\n<\/div>\n<\/div>","protected":false},"excerpt":{"rendered":"<p>Accelerate success with our trusted advisors Our partners have significant experience across a number of industries and company sizes. We can adapt quickly and start adding value from day one. Governance Virtual and Interim CISO Virtual: Do you need a cybersecurity strategy, governance and daily management, but don&#8217;t need a full-time CISO? Interim: You haven&#8217;t [&hellip;]<\/p>\n","protected":false},"author":2,"featured_media":0,"parent":0,"menu_order":0,"comment_status":"closed","ping_status":"closed","template":"no-title","meta":{"nf_dc_page":"services","footnotes":""},"class_list":["post-12","page","type-page","status-publish","hentry"],"jetpack_sharing_enabled":true,"_links":{"self":[{"href":"https:\/\/cyberriskpartners.net\/es\/wp-json\/wp\/v2\/pages\/12","targetHints":{"allow":["GET"]}}],"collection":[{"href":"https:\/\/cyberriskpartners.net\/es\/wp-json\/wp\/v2\/pages"}],"about":[{"href":"https:\/\/cyberriskpartners.net\/es\/wp-json\/wp\/v2\/types\/page"}],"author":[{"embeddable":true,"href":"https:\/\/cyberriskpartners.net\/es\/wp-json\/wp\/v2\/users\/2"}],"replies":[{"embeddable":true,"href":"https:\/\/cyberriskpartners.net\/es\/wp-json\/wp\/v2\/comments?post=12"}],"version-history":[{"count":10,"href":"https:\/\/cyberriskpartners.net\/es\/wp-json\/wp\/v2\/pages\/12\/revisions"}],"predecessor-version":[{"id":143,"href":"https:\/\/cyberriskpartners.net\/es\/wp-json\/wp\/v2\/pages\/12\/revisions\/143"}],"wp:attachment":[{"href":"https:\/\/cyberriskpartners.net\/es\/wp-json\/wp\/v2\/media?parent=12"}],"curies":[{"name":"wp","href":"https:\/\/api.w.org\/{rel}","templated":true}]}}